{"id":749,"date":"2025-02-26T15:59:47","date_gmt":"2025-02-26T15:59:47","guid":{"rendered":"https:\/\/www.veloserwis.pl\/?page_id=749"},"modified":"2025-02-26T15:59:47","modified_gmt":"2025-02-26T15:59:47","slug":"altezza-mzx-18","status":"publish","type":"page","link":"https:\/\/www.veloserwis.pl\/index.php\/altezza-mzx-18\/","title":{"rendered":"Altezza MZX 18&#8243;"},"content":{"rendered":"\n<div class=\"wp-block-columns is-layout-flex wp-container-core-columns-is-layout-9d6595d7 wp-block-columns-is-layout-flex\">\n<div class=\"wp-block-column is-layout-flow wp-block-column-is-layout-flow\" style=\"flex-basis:33.33%\">\n<figure class=\"wp-block-image size-large\"><img loading=\"lazy\" decoding=\"async\" width=\"1024\" height=\"683\" src=\"https:\/\/www.veloserwis.pl\/wp-content\/uploads\/2025\/02\/ALTEZZA-MZX-18-2-1024x683.webp\" alt=\"\" class=\"wp-image-750\" srcset=\"https:\/\/www.veloserwis.pl\/wp-content\/uploads\/2025\/02\/ALTEZZA-MZX-18-2-1024x683.webp 1024w, https:\/\/www.veloserwis.pl\/wp-content\/uploads\/2025\/02\/ALTEZZA-MZX-18-2-300x200.webp 300w, https:\/\/www.veloserwis.pl\/wp-content\/uploads\/2025\/02\/ALTEZZA-MZX-18-2-600x400.webp 600w, https:\/\/www.veloserwis.pl\/wp-content\/uploads\/2025\/02\/ALTEZZA-MZX-18-2-768x512.webp 768w, https:\/\/www.veloserwis.pl\/wp-content\/uploads\/2025\/02\/ALTEZZA-MZX-18-2-1536x1024.webp 1536w, https:\/\/www.veloserwis.pl\/wp-content\/uploads\/2025\/02\/ALTEZZA-MZX-18-2-930x620.webp 930w, https:\/\/www.veloserwis.pl\/wp-content\/uploads\/2025\/02\/ALTEZZA-MZX-18-2.webp 1800w\" sizes=\"auto, (max-width: 1024px) 100vw, 1024px\" \/><\/figure>\n<\/div>\n\n\n\n<div class=\"wp-block-column is-layout-flow wp-block-column-is-layout-flow\" style=\"flex-basis:66.66%\">\n<p>Rozmiar ramy: <a href=\"https:\/\/www.veloserwis.pl\/wp-content\/uploads\/2025\/02\/wielkosc-ramy-a-wzrost.jpeg\" data-type=\"attachment\" data-id=\"638\">Jak dobra\u0107 rozmiar ramy?<\/a><\/p>\n\n\n\n<div class=\"wp-block-buttons is-layout-flex wp-block-buttons-is-layout-flex\">\n<div class=\"wp-block-button\"><a class=\"wp-block-button__link wp-element-button\">18&#8243;<\/a><\/div>\n<\/div>\n\n\n\n<p>Popularna <strong>Altezza MZX model trekkingowy<\/strong> o ograniczonym wej\u015bciu w <strong>nowym designie<\/strong> na sezony 2024 i 2025. Przeprojektowana <strong>aluminiowa rama<\/strong> z subtelnymi elementami konstrukcyjnymi oferuje <strong>du\u017cy komfor<\/strong>t, wygodn\u0105 pozycj\u0119 siedz\u0105c\u0105 i wystarczaj\u0105c\u0105 sztywno\u015b\u0107 do jazdy poza utwardzonymi drogami. W por\u00f3wnaniu ze starsz\u0105 wersj\u0105, <strong>nowy BAFANG M410<\/strong> z silnikiem montowanym centralnie oferuje opcj\u0119 smuklejszej integracji z ram\u0105, za kt\u00f3r\u0105 z jednej strony pod\u0105\u017ca linia dolnej rury ramy z <strong>akumulatorem samsung<\/strong>, a z drugiej wyd\u0142u\u017cona rura podsiod\u0142owa z ci\u0105g\u0142ym po\u0142\u0105czeniem z komor\u0105 silnika.<\/p>\n\n\n\n<p>Model zachowuje <strong>wysokiej jako\u015bci konfiguracj\u0119<\/strong> mechaniczn\u0105, z biegami obs\u0142ugiwanymi przez <strong>Shimano Acera M360<\/strong>, nie zapominaj\u0105c o <strong>Tektro HD-M285 hamulcach hydraulicznych<\/strong>, a o komfort dba <strong>Suntour NEX widelec amortyzowany z opcj\u0105 blokady<\/strong> zawieszenia. Wszystko to w po\u0142\u0105czeniu z wygodnym siode\u0142kiem, regulowanym wspornikiem kierownicy i pe\u0142nym zestawem akcesori\u00f3w, w tym <strong>b\u0142otnikami i baga\u017cnikiem z o\u015bwietleniem<\/strong>, gwarantuje niezapomniane wra\u017cenia.<\/p>\n\n\n\n<h4 class=\"wp-block-heading\">Cena z bateri\u0105  14,5 Ah (522 Wh): 7 800 z\u0142<br>Cena z bateri\u0105 17,5 Ah (630 Wh): 8 300 z\u0142 <\/h4>\n\n\n\n<p>Tabela parametr\u00f3w technicznych roweru elektrycznego:<\/p>\n\n\n\n<figure class=\"wp-block-table\"><table class=\"has-fixed-layout\"><tbody><tr><td>Silnik<\/td><td>Centralny BAFANG M410<br>250 W \/ max. 700 W<\/td><\/tr><tr><td>Akumulator<\/td><td>Li-ion Samsung 36 V<br>\u2013 17,5 Ah (630 Wh) \/ 14,5 Ah (522 Wh)<\/td><\/tr><tr><td>Zasi\u0119g<\/td><td>nawet 150 km \/ 120 km<br>(zale\u017cy od trybu wspomagania)<\/td><\/tr><tr><td>Wy\u015bwietlacz<\/td><td>Panel cyfrowy LCD BAFANG<br>(5 tryb\u00f3w wspomagania + tryb walk)<\/td><\/tr><tr><td>Obr\u0119cze<\/td><td>28\u201d dwu\u015bcienne<\/td><\/tr><tr><td>Opony<\/td><td>700 x 45C<\/td><\/tr><tr><td>Rama<\/td><td>18\u201d \u2013 stop Alu 6061<\/td><\/tr><tr><td>Widelec<\/td><td>Amortyzowany \u2013 z blokad\u0105<br>\u2013 SR Suntour NEX, L\/O<\/td><\/tr><tr><td>Przerzutka<\/td><td>Shimano M360 \u2013 8 bieg\u00f3w<\/td><\/tr><tr><td>Hamulce<\/td><td>Tarczowe, Hydrauliczne \u2013 Tektro HD-M285<\/td><\/tr><\/tbody><\/table><\/figure>\n<\/div>\n<\/div>\n","protected":false},"excerpt":{"rendered":"<p>Rozmiar ramy: Jak dobra\u0107 rozmiar ramy? Popularna Altezza MZX model trekkingowy o ograniczonym wej\u015bciu w nowym designie na sezony 2024 i 2025. Przeprojektowana aluminiowa rama z subtelnymi elementami konstrukcyjnymi oferuje du\u017cy komfort, wygodn\u0105 pozycj\u0119 siedz\u0105c\u0105 i wystarczaj\u0105c\u0105 sztywno\u015b\u0107 do jazdy poza utwardzonymi drogami. W por\u00f3wnaniu ze starsz\u0105 wersj\u0105, nowy BAFANG M410 z silnikiem montowanym centralnie&hellip;&nbsp;<a href=\"https:\/\/www.veloserwis.pl\/index.php\/altezza-mzx-18\/\" rel=\"bookmark\">Dowiedz si\u0119 wi\u0119cej &raquo;<span class=\"screen-reader-text\">Altezza MZX 18&#8243;<\/span><\/a><\/p>\n","protected":false},"author":1,"featured_media":0,"parent":0,"menu_order":0,"comment_status":"closed","ping_status":"closed","template":"","meta":{"neve_meta_sidebar":"","neve_meta_container":"","neve_meta_enable_content_width":"","neve_meta_content_width":0,"neve_meta_title_alignment":"","neve_meta_author_avatar":"","neve_post_elements_order":"","neve_meta_disable_header":"","neve_meta_disable_footer":"","neve_meta_disable_title":"","footnotes":""},"class_list":["post-749","page","type-page","status-publish","hentry"],"_links":{"self":[{"href":"https:\/\/www.veloserwis.pl\/index.php\/wp-json\/wp\/v2\/pages\/749","targetHints":{"allow":["GET"]}}],"collection":[{"href":"https:\/\/www.veloserwis.pl\/index.php\/wp-json\/wp\/v2\/pages"}],"about":[{"href":"https:\/\/www.veloserwis.pl\/index.php\/wp-json\/wp\/v2\/types\/page"}],"author":[{"embeddable":true,"href":"https:\/\/www.veloserwis.pl\/index.php\/wp-json\/wp\/v2\/users\/1"}],"replies":[{"embeddable":true,"href":"https:\/\/www.veloserwis.pl\/index.php\/wp-json\/wp\/v2\/comments?post=749"}],"version-history":[{"count":1,"href":"https:\/\/www.veloserwis.pl\/index.php\/wp-json\/wp\/v2\/pages\/749\/revisions"}],"predecessor-version":[{"id":751,"href":"https:\/\/www.veloserwis.pl\/index.php\/wp-json\/wp\/v2\/pages\/749\/revisions\/751"}],"wp:attachment":[{"href":"https:\/\/www.veloserwis.pl\/index.php\/wp-json\/wp\/v2\/media?parent=749"}],"curies":[{"name":"wp","href":"https:\/\/api.w.org\/{rel}","templated":true}]}}