{"id":7,"date":"2024-09-25T11:12:01","date_gmt":"2024-09-25T11:12:01","guid":{"rendered":"https:\/\/www.veloserwis.pl\/?page_id=7"},"modified":"2026-02-15T13:45:01","modified_gmt":"2026-02-15T12:45:01","slug":"strona-glowna","status":"publish","type":"page","link":"https:\/\/www.veloserwis.pl\/","title":{"rendered":"Strona g\u0142\u00f3wna"},"content":{"rendered":"\n<div class=\"wp-block-cover alignfull\" style=\"min-height:535px;aspect-ratio:unset;\"><img loading=\"lazy\" decoding=\"async\" width=\"2560\" height=\"720\" class=\"wp-block-cover__image-background wp-image-896\" alt=\"\" src=\"https:\/\/www.veloserwis.pl\/wp-content\/uploads\/2025\/03\/Black-White-Grayscale-Mono-Moody-Forrest-Vlog-Vlogger-Youtube-Channel-Art-Banner-1.jpg\" data-object-fit=\"cover\" srcset=\"https:\/\/www.veloserwis.pl\/wp-content\/uploads\/2025\/03\/Black-White-Grayscale-Mono-Moody-Forrest-Vlog-Vlogger-Youtube-Channel-Art-Banner-1.jpg 2560w, https:\/\/www.veloserwis.pl\/wp-content\/uploads\/2025\/03\/Black-White-Grayscale-Mono-Moody-Forrest-Vlog-Vlogger-Youtube-Channel-Art-Banner-1-300x84.jpg 300w, https:\/\/www.veloserwis.pl\/wp-content\/uploads\/2025\/03\/Black-White-Grayscale-Mono-Moody-Forrest-Vlog-Vlogger-Youtube-Channel-Art-Banner-1-1024x288.jpg 1024w, https:\/\/www.veloserwis.pl\/wp-content\/uploads\/2025\/03\/Black-White-Grayscale-Mono-Moody-Forrest-Vlog-Vlogger-Youtube-Channel-Art-Banner-1-768x216.jpg 768w, https:\/\/www.veloserwis.pl\/wp-content\/uploads\/2025\/03\/Black-White-Grayscale-Mono-Moody-Forrest-Vlog-Vlogger-Youtube-Channel-Art-Banner-1-1536x432.jpg 1536w, https:\/\/www.veloserwis.pl\/wp-content\/uploads\/2025\/03\/Black-White-Grayscale-Mono-Moody-Forrest-Vlog-Vlogger-Youtube-Channel-Art-Banner-1-2048x576.jpg 2048w, https:\/\/www.veloserwis.pl\/wp-content\/uploads\/2025\/03\/Black-White-Grayscale-Mono-Moody-Forrest-Vlog-Vlogger-Youtube-Channel-Art-Banner-1-600x169.jpg 600w\" sizes=\"auto, (max-width: 2560px) 100vw, 2560px\" \/><span aria-hidden=\"true\" class=\"wp-block-cover__background has-background-dim-0 has-background-dim\"><\/span><div class=\"wp-block-cover__inner-container is-layout-flow wp-block-cover-is-layout-flow\">\n<div class=\"wp-block-columns are-vertically-aligned-center is-layout-flex wp-container-core-columns-is-layout-9d6595d7 wp-block-columns-is-layout-flex\">\n<div class=\"wp-block-column is-vertically-aligned-center is-layout-flow wp-block-column-is-layout-flow\" style=\"padding-right:var(--wp--preset--spacing--20);padding-left:var(--wp--preset--spacing--20);flex-basis:65%\">\n<div style=\"height:80px\" aria-hidden=\"true\" class=\"wp-block-spacer\"><\/div>\n\n\n\n<h1 class=\"wp-block-heading has-text-align-left has-nv-text-dark-bg-color has-text-color\"><\/h1>\n\n\n\n<p class=\"has-text-align-left has-nv-text-dark-bg-color has-text-color\" style=\"font-size:17px\"><\/p>\n\n\n\n<div style=\"height:100px\" aria-hidden=\"true\" class=\"wp-block-spacer\"><\/div>\n<\/div>\n\n\n\n<div class=\"wp-block-column is-vertically-aligned-center is-layout-flow wp-block-column-is-layout-flow\"><\/div>\n<\/div>\n<\/div><\/div>\n\n\n\n<div style=\"height:33px\" aria-hidden=\"true\" class=\"wp-block-spacer\"><\/div>\n\n\n\n<hr class=\"wp-block-separator has-alpha-channel-opacity\"\/>\n\n\n\n<div class=\"wp-block-columns are-vertically-aligned-center is-layout-flex wp-container-core-columns-is-layout-9d6595d7 wp-block-columns-is-layout-flex\">\n<div class=\"wp-block-column is-vertically-aligned-center is-layout-flow wp-block-column-is-layout-flow\" style=\"flex-basis:33.33%\">\n<figure class=\"wp-block-image size-full\"><a href=\"https:\/\/www.veloserwis.pl\/index.php\/lectron-opis\/\"><img loading=\"lazy\" decoding=\"async\" width=\"400\" height=\"168\" src=\"https:\/\/www.veloserwis.pl\/wp-content\/uploads\/2025\/02\/logo-Lectron-bez_pozadi_dd68bcf0-e312-43a7-8a5a-26961f1fb2df_200x@2x.avif\" alt=\"\" class=\"wp-image-549\" srcset=\"https:\/\/www.veloserwis.pl\/wp-content\/uploads\/2025\/02\/logo-Lectron-bez_pozadi_dd68bcf0-e312-43a7-8a5a-26961f1fb2df_200x@2x.avif 400w, https:\/\/www.veloserwis.pl\/wp-content\/uploads\/2025\/02\/logo-Lectron-bez_pozadi_dd68bcf0-e312-43a7-8a5a-26961f1fb2df_200x@2x-300x126.avif 300w\" sizes=\"auto, (max-width: 400px) 100vw, 400px\" \/><\/a><\/figure>\n<\/div>\n\n\n\n<div class=\"wp-block-column is-vertically-aligned-center is-layout-flow wp-block-column-is-layout-flow\" style=\"flex-basis:66.66%\">\n<p><strong>Chcesz kupi\u0107 rower elektryczny? Dobrze si\u0119 sk\u0142ada bo mamy dla Ciebie NOWO\u015a\u0106! Czeska marka LECTRON (<a href=\"https:\/\/www.veloserwis.pl\/index.php\/lectron-opis\/\">czytaj wi\u0119cej<\/a>)<\/strong>  <strong>wchodzi na Polski rynek. 15 lat do\u015bwiadczenia w budowie rower\u00f3w elektrycznych oraz ponad 300 punkt\u00f3w sprzeda\u017cy w Czechach!<\/strong> <br><strong>Teraz mo\u017cesz kupi\u0107 i serwisowa\u0107 rower w autoryzowanym serwisie w Rybniku! \u015awietna jako\u015b\u0107 rower\u00f3w elektrycznych oraz markowy osprz\u0119t, a to wszystko w przyst\u0119pnej cenie.<\/strong><\/p>\n\n\n\n<div class=\"wp-block-buttons is-layout-flex wp-block-buttons-is-layout-flex\">\n<div class=\"wp-block-button\"><a class=\"wp-block-button__link wp-element-button\" href=\"https:\/\/www.veloserwis.pl\/index.php\/lectron\/\">SPRAWD\u0179 OFERT\u0118<\/a><\/div>\n\n\n\n<div class=\"wp-block-button\"><a class=\"wp-block-button__link wp-element-button\" href=\"https:\/\/www.veloserwis.pl\/index.php\/jazda-testowa\/\">JAZDA TESTOWA<\/a><\/div>\n<\/div>\n<\/div>\n<\/div>\n\n\n\n<hr class=\"wp-block-separator has-alpha-channel-opacity\"\/>\n\n\n\n<div class=\"wp-block-columns is-layout-flex wp-container-core-columns-is-layout-9d6595d7 wp-block-columns-is-layout-flex\">\n<div class=\"wp-block-column is-layout-flow wp-block-column-is-layout-flow\">\n<figure class=\"wp-block-image size-full\"><img loading=\"lazy\" decoding=\"async\" width=\"670\" height=\"447\" src=\"https:\/\/www.veloserwis.pl\/wp-content\/uploads\/2025\/02\/esconder-fsx2.webp\" alt=\"\" class=\"wp-image-597\" srcset=\"https:\/\/www.veloserwis.pl\/wp-content\/uploads\/2025\/02\/esconder-fsx2.webp 670w, https:\/\/www.veloserwis.pl\/wp-content\/uploads\/2025\/02\/esconder-fsx2-300x200.webp 300w, https:\/\/www.veloserwis.pl\/wp-content\/uploads\/2025\/02\/esconder-fsx2-600x400.webp 600w\" sizes=\"auto, (max-width: 670px) 100vw, 670px\" \/><\/figure>\n<\/div>\n\n\n\n<div class=\"wp-block-column is-layout-flow wp-block-column-is-layout-flow\">\n<p><strong>LECTRON to \u015bwietny stosunek ceny do jako\u015bci! <\/strong><br><strong>15 lat do\u015bwiadczenia w budowie rower\u00f3w elektrycznych oraz wsp\u00f3\u0142praca z takimi markami jak  Panasonic, Bafang, Samsung, Shimano, Rock Shox, Maxxis, Tektro, Suntour i inne oferowane s\u0105 rowery najwy\u017cszej jako\u015bci na markowych komponentach. Ci\u0119\u017cko b\u0119dzie o lepsz\u0105 ofert\u0119 w tym segmencie cenowym na tak wysokiej jako\u015bci podzespo\u0142ach. <br>Dodatkowo VELOSERWIS jest autoryzowanym sprzedawc\u0105 i serwisem marki LECTRON wi\u0119c nie musicie si\u0119 martwi\u0107 o sprawy gwarancji i serwisu oraz napraw kt\u00f3re jak w ka\u017cdym sprz\u0119cie kiedy\u015b b\u0119d\u0105 potrzebne.<\/strong><br><strong>SOLIDNE ROWERY ZA UCZCIW\u0104 CEN\u0118!<\/strong><\/p>\n<\/div>\n<\/div>\n\n\n\n<hr class=\"wp-block-separator has-alpha-channel-opacity\"\/>\n\n\n\n<div class=\"wp-block-columns is-layout-flex wp-container-core-columns-is-layout-9d6595d7 wp-block-columns-is-layout-flex\">\n<div class=\"wp-block-column neve-duotone is-layout-flow wp-block-column-is-layout-flow\" style=\"padding-right:var(--wp--preset--spacing--30);padding-left:var(--wp--preset--spacing--30)\"><div class=\"wp-block-image icon-style is-style-default wp-duotone-unset-1\">\n<figure class=\"aligncenter size-full is-resized has-custom-border\"><img loading=\"lazy\" decoding=\"async\" width=\"500\" height=\"500\" src=\"https:\/\/www.veloserwis.pl\/wp-content\/uploads\/2025\/03\/Projekt-bez-nazwy.png\" alt=\"\" class=\"wp-image-917\" style=\"border-radius:0px;object-fit:cover;width:150px;height:150px\" title=\"\" srcset=\"https:\/\/www.veloserwis.pl\/wp-content\/uploads\/2025\/03\/Projekt-bez-nazwy.png 500w, https:\/\/www.veloserwis.pl\/wp-content\/uploads\/2025\/03\/Projekt-bez-nazwy-300x300.png 300w, https:\/\/www.veloserwis.pl\/wp-content\/uploads\/2025\/03\/Projekt-bez-nazwy-150x150.png 150w, https:\/\/www.veloserwis.pl\/wp-content\/uploads\/2025\/03\/Projekt-bez-nazwy-100x100.png 100w\" sizes=\"auto, (max-width: 500px) 100vw, 500px\" \/><\/figure>\n<\/div>\n\n\n<div style=\"height:16px\" aria-hidden=\"true\" class=\"wp-block-spacer\"><\/div>\n\n\n\n<h3 class=\"wp-block-heading has-text-align-center has-neve-text-color-color has-text-color\"><a href=\"https:\/\/www.veloserwis.pl\/index.php\/rowery\/\">Serwis<\/a><\/h3>\n<\/div>\n\n\n\n<div class=\"wp-block-column is-layout-flow wp-block-column-is-layout-flow\" style=\"padding-right:var(--wp--preset--spacing--30);padding-left:var(--wp--preset--spacing--30)\"><div class=\"wp-block-image icon-style is-style-default\">\n<figure class=\"aligncenter size-full is-resized has-custom-border\"><a href=\"https:\/\/www.veloserwis.pl\/index.php\/rowery-elektryczne\/\"><img loading=\"lazy\" decoding=\"async\" width=\"500\" height=\"500\" src=\"https:\/\/www.veloserwis.pl\/wp-content\/uploads\/2024\/09\/Projekt-bez-nazwy-3.png\" alt=\"\" class=\"wp-image-42\" style=\"border-radius:0px;object-fit:cover;width:150px;height:150px\" title=\"\" srcset=\"https:\/\/www.veloserwis.pl\/wp-content\/uploads\/2024\/09\/Projekt-bez-nazwy-3.png 500w, https:\/\/www.veloserwis.pl\/wp-content\/uploads\/2024\/09\/Projekt-bez-nazwy-3-300x300.png 300w, https:\/\/www.veloserwis.pl\/wp-content\/uploads\/2024\/09\/Projekt-bez-nazwy-3-100x100.png 100w, https:\/\/www.veloserwis.pl\/wp-content\/uploads\/2024\/09\/Projekt-bez-nazwy-3-150x150.png 150w\" sizes=\"auto, (max-width: 500px) 100vw, 500px\" \/><\/a><\/figure>\n<\/div>\n\n\n<div style=\"height:16px\" aria-hidden=\"true\" class=\"wp-block-spacer\"><\/div>\n\n\n\n<h3 class=\"wp-block-heading has-text-align-center has-neve-text-color-color has-text-color\"><a href=\"https:\/\/www.veloserwis.pl\/index.php\/rowery-elektryczne\/\">Rowery elektryczne<\/a><\/h3>\n<\/div>\n\n\n\n<div class=\"wp-block-column is-layout-flow wp-block-column-is-layout-flow\" style=\"padding-right:var(--wp--preset--spacing--30);padding-left:var(--wp--preset--spacing--30)\"><div class=\"wp-block-image icon-style is-style-default wp-duotone-unset-2\">\n<figure class=\"aligncenter size-full is-resized has-custom-border\"><a href=\"https:\/\/www.veloserwis.pl\/index.php\/konwersja-rowerow-na-elektryczne\/\"><img loading=\"lazy\" decoding=\"async\" width=\"500\" height=\"500\" src=\"https:\/\/www.veloserwis.pl\/wp-content\/uploads\/2025\/01\/Projekt-bez-nazwy-16.png\" alt=\"\" class=\"wp-image-185\" style=\"border-radius:0px;object-fit:cover;width:150px;height:150px\" title=\"\" srcset=\"https:\/\/www.veloserwis.pl\/wp-content\/uploads\/2025\/01\/Projekt-bez-nazwy-16.png 500w, https:\/\/www.veloserwis.pl\/wp-content\/uploads\/2025\/01\/Projekt-bez-nazwy-16-300x300.png 300w, https:\/\/www.veloserwis.pl\/wp-content\/uploads\/2025\/01\/Projekt-bez-nazwy-16-100x100.png 100w, https:\/\/www.veloserwis.pl\/wp-content\/uploads\/2025\/01\/Projekt-bez-nazwy-16-150x150.png 150w\" sizes=\"auto, (max-width: 500px) 100vw, 500px\" \/><\/a><\/figure>\n<\/div>\n\n\n<div style=\"height:16px\" aria-hidden=\"true\" class=\"wp-block-spacer\"><\/div>\n\n\n\n<h3 class=\"wp-block-heading has-text-align-center has-neve-text-color-color has-text-color\"><a href=\"https:\/\/www.veloserwis.pl\/index.php\/konwersja-rowerow-na-elektryczne\">Konwersja roweru na elektryczny<\/a><\/h3>\n<\/div>\n\n\n\n<div class=\"wp-block-column is-layout-flow wp-block-column-is-layout-flow\" style=\"padding-right:var(--wp--preset--spacing--30);padding-left:var(--wp--preset--spacing--30)\"><div class=\"wp-block-image icon-style is-style-default wp-duotone-unset-3\">\n<figure class=\"aligncenter size-full is-resized has-custom-border\"><a href=\"https:\/\/www.veloserwis.pl\/index.php\/narty-i-snowboardy\/\"><img loading=\"lazy\" decoding=\"async\" width=\"500\" height=\"500\" src=\"https:\/\/www.veloserwis.pl\/wp-content\/uploads\/2024\/09\/Projekt-bez-nazwy-6.png\" alt=\"\" class=\"wp-image-44\" style=\"border-radius:0px;object-fit:cover;width:150px;height:150px\" title=\"\" srcset=\"https:\/\/www.veloserwis.pl\/wp-content\/uploads\/2024\/09\/Projekt-bez-nazwy-6.png 500w, https:\/\/www.veloserwis.pl\/wp-content\/uploads\/2024\/09\/Projekt-bez-nazwy-6-300x300.png 300w, https:\/\/www.veloserwis.pl\/wp-content\/uploads\/2024\/09\/Projekt-bez-nazwy-6-100x100.png 100w, https:\/\/www.veloserwis.pl\/wp-content\/uploads\/2024\/09\/Projekt-bez-nazwy-6-150x150.png 150w\" sizes=\"auto, (max-width: 500px) 100vw, 500px\" \/><\/a><\/figure>\n<\/div>\n\n\n<div style=\"height:16px\" aria-hidden=\"true\" class=\"wp-block-spacer\"><\/div>\n\n\n\n<h3 class=\"wp-block-heading has-text-align-center has-neve-text-color-color has-text-color\"><a href=\"https:\/\/www.veloserwis.pl\/index.php\/narty-i-snowboardy\/\">Narty\/Snowbordy<\/a><\/h3>\n<\/div>\n<\/div>\n\n\n\n<div class=\"wp-block-cover alignfull\" style=\"min-height:300px;aspect-ratio:unset;\"><span aria-hidden=\"true\" class=\"wp-block-cover__background has-neve-link-color-background-color has-background-dim-100 has-background-dim\"><\/span><div class=\"wp-block-cover__inner-container is-layout-flow wp-block-cover-is-layout-flow\">\n<div class=\"wp-block-columns is-layout-flex wp-container-core-columns-is-layout-9d6595d7 wp-block-columns-is-layout-flex\">\n<div class=\"wp-block-column is-vertically-aligned-center is-layout-flow wp-block-column-is-layout-flow\" style=\"flex-basis:20%\"><div class=\"wp-block-image\">\n<figure class=\"aligncenter size-full is-resized\"><a href=\"https:\/\/www.facebook.com\/veloserwis\"><img loading=\"lazy\" decoding=\"async\" width=\"200\" height=\"200\" src=\"https:\/\/www.veloserwis.pl\/wp-content\/uploads\/2024\/09\/facebook-new.png\" alt=\"\" class=\"wp-image-91\" style=\"object-fit:cover;width:100px;height:100px\" srcset=\"https:\/\/www.veloserwis.pl\/wp-content\/uploads\/2024\/09\/facebook-new.png 200w, https:\/\/www.veloserwis.pl\/wp-content\/uploads\/2024\/09\/facebook-new-100x100.png 100w, https:\/\/www.veloserwis.pl\/wp-content\/uploads\/2024\/09\/facebook-new-150x150.png 150w\" sizes=\"auto, (max-width: 200px) 100vw, 200px\" \/><\/a><\/figure>\n<\/div><\/div>\n\n\n\n<div class=\"wp-block-column is-layout-flow wp-block-column-is-layout-flow\" style=\"flex-basis:60%\">\n<div class=\"wp-block-group\"><div class=\"wp-block-group__inner-container is-layout-constrained wp-block-group-is-layout-constrained\">\n<h2 class=\"wp-block-heading has-text-align-center has-nv-text-dark-bg-color has-text-color\">Kontakt<\/h2>\n\n\n\n<p class=\"has-text-align-center has-nv-text-dark-bg-color has-text-color has-link-color wp-elements-802cbe6f50ec3bc12ae32a1e3dbd21b6\">ul. Podmiejska 39, 44-207 Rybnik<\/p>\n\n\n\n<p class=\"has-text-align-center has-nv-text-dark-bg-color has-text-color has-link-color wp-elements-f7ade388ec1966f7fc8d502adab32c9c\">Tel. 794-438-843<\/p>\n\n\n\n<p class=\"has-text-align-center has-nv-text-dark-bg-color has-text-color has-link-color wp-elements-997c8b94883a5d49f7ae84499b964490\">E-mail: velorybnik@gmail.com<\/p>\n\n\n\n<p class=\"has-text-align-center has-nv-text-dark-bg-color has-text-color has-link-color wp-elements-cd6a2d3048e00693ada702e84048849c\">Godziny otwarcia:<br>PN: 12:00-19:00<br>WT: 9:00-17:00<br>\u015aR: 9:00-17:00<br>CZW: 12:00-19:00<br>PT: 9:00-17:00<br>SB-ND: NIECZYNNE<br><br>Zawsze aktualne godziny otwarcia w linku poni\u017cej<br>(czasem zdarza si\u0119, \u017ce mamy nie czynne &#8211; urlop, choroba itd.)<\/p>\n\n\n\n<p class=\"has-text-align-center has-nv-text-dark-bg-color has-text-color has-link-color wp-elements-2d2b85f0d2c5afa134f007dea957a6c2\"><a href=\"https:\/\/maps.app.goo.gl\/WiifLskWNbQCmU83A\">https:\/\/maps.app.goo.gl\/WiifLskWNbQCmU83A<\/a><\/p>\n<\/div><\/div>\n<\/div>\n\n\n\n<div class=\"wp-block-column is-vertically-aligned-center is-layout-flow wp-block-column-is-layout-flow\" style=\"flex-basis:20%\"><div class=\"wp-block-image\">\n<figure class=\"aligncenter size-full is-resized\"><a href=\"https:\/\/www.youtube.com\/@przemokNOwLIMIT\"><img loading=\"lazy\" decoding=\"async\" width=\"500\" height=\"500\" src=\"https:\/\/www.veloserwis.pl\/wp-content\/uploads\/2024\/09\/Projekt-bez-nazwy-8.png\" alt=\"\" class=\"wp-image-87\" style=\"object-fit:cover;width:150px;height:150px\" srcset=\"https:\/\/www.veloserwis.pl\/wp-content\/uploads\/2024\/09\/Projekt-bez-nazwy-8.png 500w, https:\/\/www.veloserwis.pl\/wp-content\/uploads\/2024\/09\/Projekt-bez-nazwy-8-300x300.png 300w, https:\/\/www.veloserwis.pl\/wp-content\/uploads\/2024\/09\/Projekt-bez-nazwy-8-100x100.png 100w, https:\/\/www.veloserwis.pl\/wp-content\/uploads\/2024\/09\/Projekt-bez-nazwy-8-150x150.png 150w\" sizes=\"auto, (max-width: 500px) 100vw, 500px\" \/><\/a><figcaption class=\"wp-element-caption\"><a href=\"https:\/\/www.youtube.com\/@przemokNOwLIMIT\"><mark style=\"background-color:rgba(0, 0, 0, 0)\" class=\"has-inline-color has-nv-light-bg-color\">M\u00f3j 20-letni rower na Ultramaratonach<\/mark><\/a><\/figcaption><\/figure>\n<\/div><\/div>\n<\/div>\n<\/div><\/div>\n","protected":false},"excerpt":{"rendered":"<p>Chcesz kupi\u0107 rower elektryczny? Dobrze si\u0119 sk\u0142ada bo mamy dla Ciebie NOWO\u015a\u0106! Czeska marka LECTRON (czytaj wi\u0119cej) wchodzi na Polski rynek. 15 lat do\u015bwiadczenia w budowie rower\u00f3w elektrycznych oraz ponad 300 punkt\u00f3w sprzeda\u017cy w Czechach! Teraz mo\u017cesz kupi\u0107 i serwisowa\u0107 rower w autoryzowanym serwisie w Rybniku! \u015awietna jako\u015b\u0107 rower\u00f3w elektrycznych oraz markowy osprz\u0119t, a to&hellip;&nbsp;<a href=\"https:\/\/www.veloserwis.pl\/\" rel=\"bookmark\">Dowiedz si\u0119 wi\u0119cej &raquo;<span class=\"screen-reader-text\">Strona g\u0142\u00f3wna<\/span><\/a><\/p>\n","protected":false},"author":1,"featured_media":0,"parent":0,"menu_order":0,"comment_status":"closed","ping_status":"closed","template":"","meta":{"neve_meta_sidebar":"","neve_meta_container":"","neve_meta_enable_content_width":"on","neve_meta_content_width":100,"neve_meta_title_alignment":"","neve_meta_author_avatar":"","neve_post_elements_order":"","neve_meta_disable_header":"","neve_meta_disable_footer":"","neve_meta_disable_title":"on","footnotes":""},"class_list":["post-7","page","type-page","status-publish","hentry"],"_links":{"self":[{"href":"https:\/\/www.veloserwis.pl\/index.php\/wp-json\/wp\/v2\/pages\/7","targetHints":{"allow":["GET"]}}],"collection":[{"href":"https:\/\/www.veloserwis.pl\/index.php\/wp-json\/wp\/v2\/pages"}],"about":[{"href":"https:\/\/www.veloserwis.pl\/index.php\/wp-json\/wp\/v2\/types\/page"}],"author":[{"embeddable":true,"href":"https:\/\/www.veloserwis.pl\/index.php\/wp-json\/wp\/v2\/users\/1"}],"replies":[{"embeddable":true,"href":"https:\/\/www.veloserwis.pl\/index.php\/wp-json\/wp\/v2\/comments?post=7"}],"version-history":[{"count":40,"href":"https:\/\/www.veloserwis.pl\/index.php\/wp-json\/wp\/v2\/pages\/7\/revisions"}],"predecessor-version":[{"id":1102,"href":"https:\/\/www.veloserwis.pl\/index.php\/wp-json\/wp\/v2\/pages\/7\/revisions\/1102"}],"wp:attachment":[{"href":"https:\/\/www.veloserwis.pl\/index.php\/wp-json\/wp\/v2\/media?parent=7"}],"curies":[{"name":"wp","href":"https:\/\/api.w.org\/{rel}","templated":true}]}}