{"id":605,"date":"2025-02-24T15:05:46","date_gmt":"2025-02-24T15:05:46","guid":{"rendered":"https:\/\/www.veloserwis.pl\/?page_id=605"},"modified":"2025-02-27T17:18:25","modified_gmt":"2025-02-27T17:18:25","slug":"lectron-opis","status":"publish","type":"page","link":"https:\/\/www.veloserwis.pl\/index.php\/lectron-opis\/","title":{"rendered":"Lectron opis"},"content":{"rendered":"\n<div class=\"wp-block-columns is-layout-flex wp-container-core-columns-is-layout-9d6595d7 wp-block-columns-is-layout-flex\">\n<div class=\"wp-block-column is-layout-flow wp-block-column-is-layout-flow\" style=\"flex-basis:33.33%\">\n<figure class=\"wp-block-image size-full\"><img loading=\"lazy\" decoding=\"async\" width=\"530\" height=\"367\" src=\"https:\/\/www.veloserwis.pl\/wp-content\/uploads\/2025\/02\/fabryka.webp\" alt=\"\" class=\"wp-image-616\" srcset=\"https:\/\/www.veloserwis.pl\/wp-content\/uploads\/2025\/02\/fabryka.webp 530w, https:\/\/www.veloserwis.pl\/wp-content\/uploads\/2025\/02\/fabryka-300x208.webp 300w\" sizes=\"auto, (max-width: 530px) 100vw, 530px\" \/><\/figure>\n\n\n\n<figure class=\"wp-block-image size-full\"><img loading=\"lazy\" decoding=\"async\" width=\"530\" height=\"367\" src=\"https:\/\/www.veloserwis.pl\/wp-content\/uploads\/2025\/02\/fabryka2.webp\" alt=\"\" class=\"wp-image-617\" srcset=\"https:\/\/www.veloserwis.pl\/wp-content\/uploads\/2025\/02\/fabryka2.webp 530w, https:\/\/www.veloserwis.pl\/wp-content\/uploads\/2025\/02\/fabryka2-300x208.webp 300w\" sizes=\"auto, (max-width: 530px) 100vw, 530px\" \/><\/figure>\n<\/div>\n\n\n\n<div class=\"wp-block-column is-layout-flow wp-block-column-is-layout-flow\" style=\"flex-basis:66.66%\">\n<p><strong>Informacje o firmie Lectron<\/strong><\/p>\n\n\n\n<p>Jeste\u015bmy wiod\u0105c\u0105 czesk\u0105 mark\u0105 rower\u00f3w elektrycznych z <strong>15 letnim do\u015bwiadczeniem<\/strong> oraz ponad <strong>300 punktami sprzeda\u017cy na terenie Czech<\/strong>. Precyzja wykonania i wysoka jako\u015b\u0107 nale\u017c\u0105 do naszych podstawowych warto\u015bci.<\/p>\n\n\n\n<p><strong>Marka Lectron specjalizuje si\u0119 w rowerach ze wspomaganiem elektrycznym. Rowery elektryczne Lectron charakteryzuj\u0105 si\u0119 du\u017cym zasi\u0119giem, nisk\u0105 wag\u0105 i zastosowaniem markowych komponent\u00f3w, a tak\u017ce nowoczesnym wzornictwem.<br><\/strong><br>Rowery elektryczne LECTRON, s\u0105 obecnie\u00a0<strong>15 lat na rynku<\/strong> w regionie Europy \u015arodkowej. Prace projektowe i monta\u017c ko\u0144cowy odbywaj\u0105 si\u0119 w Austrii i Czechach. Rowery wykorzystuj\u0105 sprawdzone markowe komponenty<strong> \u015bwiatowych marek<\/strong> (Shimano, Rock Shox, Tektro, Panasonic, Samsung, RST, Bafang, Maxxis).<br><br>Sta\u0142a koncentracja na dojrza\u0142ych rynkach sta\u0142a si\u0119 podstaw\u0105 innowacji i spe\u0142nienia wysokich standard\u00f3w jako\u015bci. Nowy nowoczesny zak\u0142ad produkcyjny w Czechach umo\u017cliwi\u0142 optymalizacj\u0119 koszt\u00f3w produkcji i zaoferowanie konsumentom innowacyjnej gamy <strong>e-rower\u00f3w z wysokiej jako\u015bci komponentami w przyst\u0119pnych cenach.<\/strong><\/p>\n<\/div>\n<\/div>\n\n\n\n<p><\/p>\n","protected":false},"excerpt":{"rendered":"<p>Informacje o firmie Lectron Jeste\u015bmy wiod\u0105c\u0105 czesk\u0105 mark\u0105 rower\u00f3w elektrycznych z 15 letnim do\u015bwiadczeniem oraz ponad 300 punktami sprzeda\u017cy na terenie Czech. Precyzja wykonania i wysoka jako\u015b\u0107 nale\u017c\u0105 do naszych podstawowych warto\u015bci. Marka Lectron specjalizuje si\u0119 w rowerach ze wspomaganiem elektrycznym. Rowery elektryczne Lectron charakteryzuj\u0105 si\u0119 du\u017cym zasi\u0119giem, nisk\u0105 wag\u0105 i zastosowaniem markowych komponent\u00f3w, a&hellip;&nbsp;<a href=\"https:\/\/www.veloserwis.pl\/index.php\/lectron-opis\/\" rel=\"bookmark\">Dowiedz si\u0119 wi\u0119cej &raquo;<span class=\"screen-reader-text\">Lectron opis<\/span><\/a><\/p>\n","protected":false},"author":1,"featured_media":0,"parent":0,"menu_order":0,"comment_status":"closed","ping_status":"closed","template":"","meta":{"neve_meta_sidebar":"","neve_meta_container":"","neve_meta_enable_content_width":"","neve_meta_content_width":0,"neve_meta_title_alignment":"","neve_meta_author_avatar":"","neve_post_elements_order":"","neve_meta_disable_header":"","neve_meta_disable_footer":"","neve_meta_disable_title":"","footnotes":""},"class_list":["post-605","page","type-page","status-publish","hentry"],"_links":{"self":[{"href":"https:\/\/www.veloserwis.pl\/index.php\/wp-json\/wp\/v2\/pages\/605","targetHints":{"allow":["GET"]}}],"collection":[{"href":"https:\/\/www.veloserwis.pl\/index.php\/wp-json\/wp\/v2\/pages"}],"about":[{"href":"https:\/\/www.veloserwis.pl\/index.php\/wp-json\/wp\/v2\/types\/page"}],"author":[{"embeddable":true,"href":"https:\/\/www.veloserwis.pl\/index.php\/wp-json\/wp\/v2\/users\/1"}],"replies":[{"embeddable":true,"href":"https:\/\/www.veloserwis.pl\/index.php\/wp-json\/wp\/v2\/comments?post=605"}],"version-history":[{"count":2,"href":"https:\/\/www.veloserwis.pl\/index.php\/wp-json\/wp\/v2\/pages\/605\/revisions"}],"predecessor-version":[{"id":812,"href":"https:\/\/www.veloserwis.pl\/index.php\/wp-json\/wp\/v2\/pages\/605\/revisions\/812"}],"wp:attachment":[{"href":"https:\/\/www.veloserwis.pl\/index.php\/wp-json\/wp\/v2\/media?parent=605"}],"curies":[{"name":"wp","href":"https:\/\/api.w.org\/{rel}","templated":true}]}}