{"id":257,"date":"2025-02-03T16:46:36","date_gmt":"2025-02-03T16:46:36","guid":{"rendered":"https:\/\/www.veloserwis.pl\/?page_id=257"},"modified":"2025-02-03T16:46:36","modified_gmt":"2025-02-03T16:46:36","slug":"serwis-rowerow-elektrycznych","status":"publish","type":"page","link":"https:\/\/www.veloserwis.pl\/index.php\/serwis-rowerow-elektrycznych\/","title":{"rendered":"Serwis Rower\u00f3w Elektrycznych"},"content":{"rendered":"\n<p class=\"has-text-align-center\">Wkr\u00f3tce pojawi si\u0119 tutaj oferta wraz z cennikiem us\u0142ug \ud83d\ude09<\/p>\n\n\n<div class=\"wp-block-image\">\n<figure class=\"aligncenter size-full\"><img loading=\"lazy\" decoding=\"async\" width=\"500\" height=\"500\" src=\"https:\/\/www.veloserwis.pl\/wp-content\/uploads\/2025\/02\/Projekt-bez-nazwy-18.png\" alt=\"\" class=\"wp-image-248\" srcset=\"https:\/\/www.veloserwis.pl\/wp-content\/uploads\/2025\/02\/Projekt-bez-nazwy-18.png 500w, https:\/\/www.veloserwis.pl\/wp-content\/uploads\/2025\/02\/Projekt-bez-nazwy-18-300x300.png 300w, https:\/\/www.veloserwis.pl\/wp-content\/uploads\/2025\/02\/Projekt-bez-nazwy-18-100x100.png 100w, https:\/\/www.veloserwis.pl\/wp-content\/uploads\/2025\/02\/Projekt-bez-nazwy-18-150x150.png 150w\" sizes=\"auto, (max-width: 500px) 100vw, 500px\" \/><\/figure>\n<\/div>","protected":false},"excerpt":{"rendered":"<p>Wkr\u00f3tce pojawi si\u0119 tutaj oferta wraz z cennikiem us\u0142ug \ud83d\ude09<\/p>\n","protected":false},"author":1,"featured_media":0,"parent":0,"menu_order":0,"comment_status":"closed","ping_status":"closed","template":"","meta":{"neve_meta_sidebar":"","neve_meta_container":"","neve_meta_enable_content_width":"","neve_meta_content_width":0,"neve_meta_title_alignment":"","neve_meta_author_avatar":"","neve_post_elements_order":"","neve_meta_disable_header":"","neve_meta_disable_footer":"","neve_meta_disable_title":"","footnotes":""},"class_list":["post-257","page","type-page","status-publish","hentry"],"_links":{"self":[{"href":"https:\/\/www.veloserwis.pl\/index.php\/wp-json\/wp\/v2\/pages\/257","targetHints":{"allow":["GET"]}}],"collection":[{"href":"https:\/\/www.veloserwis.pl\/index.php\/wp-json\/wp\/v2\/pages"}],"about":[{"href":"https:\/\/www.veloserwis.pl\/index.php\/wp-json\/wp\/v2\/types\/page"}],"author":[{"embeddable":true,"href":"https:\/\/www.veloserwis.pl\/index.php\/wp-json\/wp\/v2\/users\/1"}],"replies":[{"embeddable":true,"href":"https:\/\/www.veloserwis.pl\/index.php\/wp-json\/wp\/v2\/comments?post=257"}],"version-history":[{"count":1,"href":"https:\/\/www.veloserwis.pl\/index.php\/wp-json\/wp\/v2\/pages\/257\/revisions"}],"predecessor-version":[{"id":258,"href":"https:\/\/www.veloserwis.pl\/index.php\/wp-json\/wp\/v2\/pages\/257\/revisions\/258"}],"wp:attachment":[{"href":"https:\/\/www.veloserwis.pl\/index.php\/wp-json\/wp\/v2\/media?parent=257"}],"curies":[{"name":"wp","href":"https:\/\/api.w.org\/{rel}","templated":true}]}}